{"id":55,"date":"2025-02-13T21:41:35","date_gmt":"2025-02-13T20:41:35","guid":{"rendered":"https:\/\/pes-loire.fr\/riorges\/?page_id=55"},"modified":"2025-02-13T21:41:35","modified_gmt":"2025-02-13T20:41:35","slug":"osteopathie-riorges","status":"publish","type":"page","link":"https:\/\/pes-loire.fr\/riorges\/osteopathie-riorges\/","title":{"rendered":"Ost\u00e9opathie Riorges"},"content":{"rendered":"<div class=\"fusion-fullwidth fullwidth-box fusion-builder-row-1 fusion-flex-container has-pattern-background has-mask-background nonhundred-percent-fullwidth non-hundred-percent-height-scrolling\" style=\"--awb-border-radius-top-left:0px;--awb-border-radius-top-right:0px;--awb-border-radius-bottom-right:0px;--awb-border-radius-bottom-left:0px;--awb-flex-wrap:wrap;\" ><div class=\"fusion-builder-row fusion-row fusion-flex-align-items-flex-start fusion-flex-content-wrap\" style=\"max-width:1144px;margin-left: calc(-4% \/ 2 );margin-right: calc(-4% \/ 2 );\"><div class=\"fusion-layout-column fusion_builder_column fusion-builder-column-0 fusion_builder_column_1_1 1_1 fusion-flex-column\" style=\"--awb-bg-size:cover;--awb-width-large:100%;--awb-margin-top-large:0px;--awb-spacing-right-large:1.92%;--awb-margin-bottom-large:0px;--awb-spacing-left-large:1.92%;--awb-width-medium:100%;--awb-order-medium:0;--awb-spacing-right-medium:1.92%;--awb-spacing-left-medium:1.92%;--awb-width-small:100%;--awb-order-small:0;--awb-spacing-right-small:1.92%;--awb-spacing-left-small:1.92%;\"><div class=\"fusion-column-wrapper fusion-column-has-shadow fusion-flex-justify-content-flex-start fusion-content-layout-column\"><div class=\"fusion-title title fusion-title-1 fusion-title-center fusion-title-text fusion-title-size-one\"><div class=\"title-sep-container title-sep-container-left\"><div class=\"title-sep sep-double sep-solid\" style=\"border-color:#e0dede;\"><\/div><\/div><span class=\"awb-title-spacer\"><\/span><h1 class=\"fusion-title-heading title-heading-center fusion-responsive-typography-calculated\" style=\"margin:0;--fontSize:34;line-height:1.41;\">Qu\u2019est-ce que l\u2019ost\u00e9opathie :<\/h1><span class=\"awb-title-spacer\"><\/span><div class=\"title-sep-container title-sep-container-right\"><div class=\"title-sep sep-double sep-solid\" style=\"border-color:#e0dede;\"><\/div><\/div><\/div><div class=\"fusion-text fusion-text-1\"><div>\n<p class=\"Standard\" style=\"text-align: justify;\"><span lang=\"FR\">L\u2019ost\u00e9opathie est une th\u00e9rapie manuelle qui consiste \u00e0 examiner et \u00e0 d\u00e9terminer les restrictions de mobilit\u00e9 sur l\u2019ensemble des structures du corps humain. L\u2019ost\u00e9opathie est bas\u00e9e sur la capacit\u00e9 du corps \u00e0 s\u2019autor\u00e9guler et sur des bonnes connaissances en anatomie. C\u2019est une approche avec une vision dans son ensemble du patient. En effet, la notion de globalit\u00e9 est tr\u00e8s importante, que ce soit dans l\u2019environnement du patient (m\u00e9tier, lieu de vie, vie de famille, choc \u00e9motionnel) et son propre individu (pathologie, ant\u00e9c\u00e9dent de blessures, chirurgie, m\u00e9dicaments, restriction de mobilit\u00e9 entra\u00eenant des compensations\u2026).<\/span><\/p>\n<\/div>\n<div style=\"text-align: justify;\">\n<p class=\"Standard\"><span lang=\"FR\">C\u2019est une m\u00e9thode non invasive, nous n\u2019utilisons pas de mat\u00e9riel, uniquement nos mains (et par extension dans nos mouvements notre corps entier).<\/span><\/p>\n<\/div>\n<div style=\"text-align: justify;\">\n<p class=\"Standard\"><span lang=\"FR\">Vous pouvez venir me voir en premi\u00e8re intention (sans ordonnance m\u00e9dicale). C\u2019est pourquoi, lors de la formation d\u2019ost\u00e9opathe, nous abordons des notions cliniques dans diff\u00e9rents domaines (cardio-pulmonaire, rhumatologie, traumatologie, gyn\u00e9co-urinaire, visc\u00e9rale, neurologie etc) afin de vous r\u00e9-adresser au mieux aux praticiens si cela n\u2019est pas de notre ressort, mais aussi dans un but de pluridisciplinarit\u00e9 (Ex : cervicalgie chronique et r\u00e9\u00e9ducation des muscles oculaires chez un orthoptiste \/ ou encore renforcement musculaire sp\u00e9cifique chez le kin\u00e9).<\/span><\/p>\n<\/div>\n<div style=\"text-align: justify;\">\n<p class=\"Standard\"><span lang=\"FR\">Je vois personnellement mon m\u00e9tier comme des manipulations \u00e0 un temps donn\u00e9 sur des zones sp\u00e9cifiques et choisies de votre corps pour vous redonner de la mobilit\u00e9 sur du court terme. En effet, en arrivant au cabinet, la douleur vous emp\u00eache de faire certains mouvements. En modulant la douleur et en redonnant la possibilit\u00e9 \u00e0 votre corps de bouger dans les param\u00e8tres qui \u00e9taient compliqu\u00e9s, il vous est re-permis de BOUGER (ce qui est la cl\u00e9 de l\u2019am\u00e9lioration des douleurs musculosquelettiques).<\/span><\/p>\n<\/div>\n<div style=\"text-align: justify;\">\n<p class=\"Standard\"><b><u><span lang=\"FR\">En r\u00e9sum\u00e9<\/span><\/u><\/b><span lang=\"FR\"> : je donne un petit coup de pouce (coup de main\u00a0:P) \u00e0 votre corps afin que vous puissiez ensuite re-bouger et ainsi vous autor\u00e9guler afin que les douleurs disparaissent.<\/span><\/p>\n<\/div>\n<div style=\"text-align: justify;\">\n<p class=\"Standard\"><span lang=\"FR\">Tout ceci en compl\u00e9mentarit\u00e9 avec d\u2019autres corps de m\u00e9tier. La pluridisciplinarit\u00e9 \u00e9tant la cl\u00e9 de nombreuse prise en charge.<\/span><\/p>\n<\/div>\n<div style=\"text-align: justify;\">\n<p class=\"Standard\"><b><span lang=\"FR\">D\u00e9finition de l\u2019ost\u00e9opathie par <\/span><\/b><b><u><span lang=\"FR\">L\u2019OMS (Organisation mondiale de la Sant\u00e9) (2010) :<\/span><\/u><\/b><\/p>\n<\/div>\n<div style=\"text-align: justify;\">\n<p class=\"Standard\"><i><span lang=\"FR\">\u00ab L\u2019ost\u00e9opathie repose sur l\u2019utilisation du contact manuel pour le diagnostic et le traitement. Elle prend en compte les relations entre le corps, l\u2019esprit, la raison, la sant\u00e9 et la maladie. Elle place l\u2019accent sur l\u2019int\u00e9grit\u00e9 structurelle et fonctionnelle du corps et la tendance intrins\u00e8que de l\u2019organisme \u00e0 s\u2019autogu\u00e9rir.<\/span><\/i><\/p>\n<\/div>\n<div style=\"text-align: justify;\">\n<p class=\"Standard\"><i><span lang=\"FR\">Les ost\u00e9opathes utilisent une grande vari\u00e9t\u00e9 de techniques th\u00e9rapeutiques manuelles pour am\u00e9liorer les fonctions physiologiques et\/ou soutenir l\u2019hom\u00e9ostasie alt\u00e9r\u00e9e par des dysfonctions somatiques (les structures du corps), c&rsquo;est-\u00e0-dire une alt\u00e9ration ou une d\u00e9gradation de la fonction des composantes concern\u00e9es du syst\u00e8me somatique : les structures squelettiques, articulaires, et myofasciales, ainsi que les \u00e9l\u00e9ments vasculaires, lymphatiques et neurologiques corr\u00e9l\u00e9s.\u00a0<\/span><\/i><\/p>\n<\/div>\n<div style=\"text-align: justify;\">\n<p class=\"Standard\"><i><span lang=\"FR\">Les ost\u00e9opathes utilisent leur connaissance des relations entre la structure et la fonction pour optimiser les capacit\u00e9s du corps \u00e0 s\u2019autor\u00e9guler et \u00e0 s\u2019autogu\u00e9rir. Cette approche holistique de la prise en charge du patient est fond\u00e9e sur le concept que l\u2019\u00eatre humain constitue une unit\u00e9 fonctionnelle dynamique, dans laquelle toutes les parties sont reli\u00e9es entre elles. \u00bb<\/span><\/i><\/p>\n<\/div>\n<div style=\"text-align: justify;\">\n<p class=\"Standard\"><u><span lang=\"FR\">Cadre l\u00e9gal<\/span><\/u><\/p>\n<\/div>\n<div style=\"text-align: justify;\">\n<p class=\"Standard\"><span lang=\"FR\">L\u2019ost\u00e9opathie est officiellement une pratique encadr\u00e9e et autoris\u00e9e en France depuis la loi n\u00b0 2002-303 du 4 mars 2002 relative aux droits des malades et \u00e0 la qualit\u00e9 du syst\u00e8me de sant\u00e9, qui pr\u00e9voit dans son article 75 que \u00ab l&rsquo;usage professionnel du titre d&rsquo;ost\u00e9opathe (\u2026) est r\u00e9serv\u00e9 aux personnes titulaires d&rsquo;un dipl\u00f4me sanctionnant une formation sp\u00e9cifique \u00e0 l&rsquo;ost\u00e9opathie [\u2026] d\u00e9livr\u00e9e par un \u00e9tablissement de formation agr\u00e9\u00e9 par le ministre charg\u00e9 de la sant\u00e9 dans des conditions fix\u00e9es par d\u00e9cret. \u00bb<\/span><\/p>\n<\/div>\n<div>\n<p class=\"Standard\" style=\"text-align: justify;\"><span lang=\"FR\">L\u2019usage professionnel du titre est ainsi encadr\u00e9 strictement depuis 2002 et partag\u00e9 entre les professionnels de sant\u00e9 et les ost\u00e9opathes exclusifs.<\/span><\/p>\n<\/div>\n<\/div><\/div><\/div><\/div><\/div>\n","protected":false},"excerpt":{"rendered":"","protected":false},"author":1,"featured_media":0,"parent":0,"menu_order":0,"comment_status":"closed","ping_status":"closed","template":"","meta":{"footnotes":""},"class_list":["post-55","page","type-page","status-publish","hentry"],"yoast_head":"<!-- This site is optimized with the Yoast SEO plugin v24.4 - https:\/\/yoast.com\/wordpress\/plugins\/seo\/ -->\n<title>Ost\u00e9opathie Riorges - P\u00f4le Equilibre &amp; Sant\u00e9 de Riorges<\/title>\n<meta name=\"robots\" content=\"index, follow, max-snippet:-1, max-image-preview:large, max-video-preview:-1\" \/>\n<link rel=\"canonical\" href=\"https:\/\/pes-loire.fr\/riorges\/osteopathie-riorges\/\" \/>\n<meta property=\"og:locale\" content=\"fr_FR\" \/>\n<meta property=\"og:type\" content=\"article\" \/>\n<meta property=\"og:title\" content=\"Ost\u00e9opathie Riorges - P\u00f4le Equilibre &amp; Sant\u00e9 de Riorges\" \/>\n<meta property=\"og:url\" content=\"https:\/\/pes-loire.fr\/riorges\/osteopathie-riorges\/\" \/>\n<meta property=\"og:site_name\" content=\"P\u00f4le Equilibre &amp; Sant\u00e9 de Riorges\" \/>\n<meta name=\"twitter:card\" content=\"summary_large_image\" \/>\n<script type=\"application\/ld+json\" class=\"yoast-schema-graph\">{\"@context\":\"https:\/\/schema.org\",\"@graph\":[{\"@type\":\"WebPage\",\"@id\":\"https:\/\/pes-loire.fr\/riorges\/osteopathie-riorges\/\",\"url\":\"https:\/\/pes-loire.fr\/riorges\/osteopathie-riorges\/\",\"name\":\"Ost\u00e9opathie Riorges - P\u00f4le Equilibre &amp; Sant\u00e9 de Riorges\",\"isPartOf\":{\"@id\":\"https:\/\/pes-loire.fr\/riorges\/#website\"},\"datePublished\":\"2025-02-13T20:41:35+00:00\",\"breadcrumb\":{\"@id\":\"https:\/\/pes-loire.fr\/riorges\/osteopathie-riorges\/#breadcrumb\"},\"inLanguage\":\"fr-FR\",\"potentialAction\":[{\"@type\":\"ReadAction\",\"target\":[\"https:\/\/pes-loire.fr\/riorges\/osteopathie-riorges\/\"]}]},{\"@type\":\"BreadcrumbList\",\"@id\":\"https:\/\/pes-loire.fr\/riorges\/osteopathie-riorges\/#breadcrumb\",\"itemListElement\":[{\"@type\":\"ListItem\",\"position\":1,\"name\":\"Accueil\",\"item\":\"https:\/\/pes-loire.fr\/riorges\/\"},{\"@type\":\"ListItem\",\"position\":2,\"name\":\"Ost\u00e9opathie Riorges\"}]},{\"@type\":\"WebSite\",\"@id\":\"https:\/\/pes-loire.fr\/riorges\/#website\",\"url\":\"https:\/\/pes-loire.fr\/riorges\/\",\"name\":\"P\u00f4le Equilibre &amp; Sant\u00e9 de Riorges\",\"description\":\"\",\"potentialAction\":[{\"@type\":\"SearchAction\",\"target\":{\"@type\":\"EntryPoint\",\"urlTemplate\":\"https:\/\/pes-loire.fr\/riorges\/?s={search_term_string}\"},\"query-input\":{\"@type\":\"PropertyValueSpecification\",\"valueRequired\":true,\"valueName\":\"search_term_string\"}}],\"inLanguage\":\"fr-FR\"}]}<\/script>\n<!-- \/ Yoast SEO plugin. -->","yoast_head_json":{"title":"Ost\u00e9opathie Riorges - P\u00f4le Equilibre &amp; Sant\u00e9 de Riorges","robots":{"index":"index","follow":"follow","max-snippet":"max-snippet:-1","max-image-preview":"max-image-preview:large","max-video-preview":"max-video-preview:-1"},"canonical":"https:\/\/pes-loire.fr\/riorges\/osteopathie-riorges\/","og_locale":"fr_FR","og_type":"article","og_title":"Ost\u00e9opathie Riorges - P\u00f4le Equilibre &amp; Sant\u00e9 de Riorges","og_url":"https:\/\/pes-loire.fr\/riorges\/osteopathie-riorges\/","og_site_name":"P\u00f4le Equilibre &amp; Sant\u00e9 de Riorges","twitter_card":"summary_large_image","schema":{"@context":"https:\/\/schema.org","@graph":[{"@type":"WebPage","@id":"https:\/\/pes-loire.fr\/riorges\/osteopathie-riorges\/","url":"https:\/\/pes-loire.fr\/riorges\/osteopathie-riorges\/","name":"Ost\u00e9opathie Riorges - P\u00f4le Equilibre &amp; Sant\u00e9 de Riorges","isPartOf":{"@id":"https:\/\/pes-loire.fr\/riorges\/#website"},"datePublished":"2025-02-13T20:41:35+00:00","breadcrumb":{"@id":"https:\/\/pes-loire.fr\/riorges\/osteopathie-riorges\/#breadcrumb"},"inLanguage":"fr-FR","potentialAction":[{"@type":"ReadAction","target":["https:\/\/pes-loire.fr\/riorges\/osteopathie-riorges\/"]}]},{"@type":"BreadcrumbList","@id":"https:\/\/pes-loire.fr\/riorges\/osteopathie-riorges\/#breadcrumb","itemListElement":[{"@type":"ListItem","position":1,"name":"Accueil","item":"https:\/\/pes-loire.fr\/riorges\/"},{"@type":"ListItem","position":2,"name":"Ost\u00e9opathie Riorges"}]},{"@type":"WebSite","@id":"https:\/\/pes-loire.fr\/riorges\/#website","url":"https:\/\/pes-loire.fr\/riorges\/","name":"P\u00f4le Equilibre &amp; Sant\u00e9 de Riorges","description":"","potentialAction":[{"@type":"SearchAction","target":{"@type":"EntryPoint","urlTemplate":"https:\/\/pes-loire.fr\/riorges\/?s={search_term_string}"},"query-input":{"@type":"PropertyValueSpecification","valueRequired":true,"valueName":"search_term_string"}}],"inLanguage":"fr-FR"}]}},"_links":{"self":[{"href":"https:\/\/pes-loire.fr\/riorges\/wp-json\/wp\/v2\/pages\/55","targetHints":{"allow":["GET"]}}],"collection":[{"href":"https:\/\/pes-loire.fr\/riorges\/wp-json\/wp\/v2\/pages"}],"about":[{"href":"https:\/\/pes-loire.fr\/riorges\/wp-json\/wp\/v2\/types\/page"}],"author":[{"embeddable":true,"href":"https:\/\/pes-loire.fr\/riorges\/wp-json\/wp\/v2\/users\/1"}],"replies":[{"embeddable":true,"href":"https:\/\/pes-loire.fr\/riorges\/wp-json\/wp\/v2\/comments?post=55"}],"version-history":[{"count":1,"href":"https:\/\/pes-loire.fr\/riorges\/wp-json\/wp\/v2\/pages\/55\/revisions"}],"predecessor-version":[{"id":57,"href":"https:\/\/pes-loire.fr\/riorges\/wp-json\/wp\/v2\/pages\/55\/revisions\/57"}],"wp:attachment":[{"href":"https:\/\/pes-loire.fr\/riorges\/wp-json\/wp\/v2\/media?parent=55"}],"curies":[{"name":"wp","href":"https:\/\/api.w.org\/{rel}","templated":true}]}}