{"id":65,"date":"2025-02-13T21:57:15","date_gmt":"2025-02-13T20:57:15","guid":{"rendered":"https:\/\/pes-loire.fr\/riorges\/?page_id=65"},"modified":"2025-02-13T21:57:15","modified_gmt":"2025-02-13T20:57:15","slug":"consultation-osteopathie-riorges","status":"publish","type":"page","link":"https:\/\/pes-loire.fr\/riorges\/consultation-osteopathie-riorges\/","title":{"rendered":"Consultation Ost\u00e9opathie Riorges"},"content":{"rendered":"<div class=\"fusion-fullwidth fullwidth-box fusion-builder-row-1 fusion-flex-container has-pattern-background has-mask-background nonhundred-percent-fullwidth non-hundred-percent-height-scrolling\" style=\"--awb-border-radius-top-left:0px;--awb-border-radius-top-right:0px;--awb-border-radius-bottom-right:0px;--awb-border-radius-bottom-left:0px;--awb-flex-wrap:wrap;\" ><div class=\"fusion-builder-row fusion-row fusion-flex-align-items-flex-start fusion-flex-content-wrap\" style=\"max-width:1144px;margin-left: calc(-4% \/ 2 );margin-right: calc(-4% \/ 2 );\"><div class=\"fusion-layout-column fusion_builder_column fusion-builder-column-0 fusion_builder_column_1_1 1_1 fusion-flex-column\" style=\"--awb-bg-size:cover;--awb-width-large:100%;--awb-margin-top-large:0px;--awb-spacing-right-large:1.92%;--awb-margin-bottom-large:0px;--awb-spacing-left-large:1.92%;--awb-width-medium:100%;--awb-order-medium:0;--awb-spacing-right-medium:1.92%;--awb-spacing-left-medium:1.92%;--awb-width-small:100%;--awb-order-small:0;--awb-spacing-right-small:1.92%;--awb-spacing-left-small:1.92%;\"><div class=\"fusion-column-wrapper fusion-column-has-shadow fusion-flex-justify-content-flex-start fusion-content-layout-column\"><div class=\"fusion-title title fusion-title-1 fusion-title-center fusion-title-text fusion-title-size-one\"><div class=\"title-sep-container title-sep-container-left\"><div class=\"title-sep sep-double sep-solid\" style=\"border-color:#e0dede;\"><\/div><\/div><span class=\"awb-title-spacer\"><\/span><h1 class=\"fusion-title-heading title-heading-center fusion-responsive-typography-calculated\" style=\"margin:0;--fontSize:34;line-height:1.41;\">La Consultation en Ost\u00e9opathie<\/h1><span class=\"awb-title-spacer\"><\/span><div class=\"title-sep-container title-sep-container-right\"><div class=\"title-sep sep-double sep-solid\" style=\"border-color:#e0dede;\"><\/div><\/div><\/div><div class=\"fusion-text fusion-text-1\"><p data-pm-slice=\"1 1 &#091;&#093;\"><strong>D\u00e9roul\u00e9 d&rsquo;une consultation en ost\u00e9opathie<\/strong><\/p>\n<p>Les s\u00e9ances d&rsquo;ost\u00e9opathie durent en moyenne cinquante minutes. Toutefois, leur dur\u00e9e peut varier en fonction de l&rsquo;\u00e2ge et des besoins du patient, de son seuil de douleur (un patient tr\u00e8s algique b\u00e9n\u00e9ficiera d&rsquo;une s\u00e9ance plus courte) ainsi que de son seuil de tol\u00e9rance.<\/p>\n<p>Chaque consultation se d\u00e9compose en plusieurs \u00e9tapes :<\/p>\n<ul data-spread=\"true\">\n<li><strong>L\u2019anamn\u00e8se<\/strong> : Il s&rsquo;agit d&rsquo;un \u00e9change en d\u00e9but de s\u00e9ance visant \u00e0 recueillir les attentes et les besoins du patient, ainsi que son historique de vie et son environnement. Ces informations permettent d&rsquo;adapter les techniques de soin \u00e0 chaque individu et d&rsquo;identifier d&rsquo;\u00e9ventuelles contre-indications.<\/li>\n<li><strong>L\u2019observation et l\u2019examen clinique<\/strong> : Cette \u00e9tape permet d&rsquo;\u00e9valuer la mobilit\u00e9 du patient, d&rsquo;analyser ses douleurs du jour et de d\u00e9tecter d&rsquo;\u00e9ventuels \u00ab\u00a0feux rouges\u00a0\u00bb (contre-indications \u00e0 la prise en charge en ost\u00e9opathie). Si n\u00e9cessaire, le praticien peut orienter le patient vers un professionnel de sant\u00e9 appropri\u00e9. C&rsquo;est \u00e9galement \u00e0 ce moment que le tissu douloureux est identifi\u00e9.<\/li>\n<li><strong>La th\u00e9rapie manuelle<\/strong> : Le patient, en sous-v\u00eatements (ou en short ample pour ceux qui pr\u00e9f\u00e8rent), est install\u00e9 sur la table de soins. L&rsquo;objectif est de soulager les douleurs et d&rsquo;aider le corps \u00e0 retrouver une meilleure mobilit\u00e9. Chaque technique est appliqu\u00e9e avec le consentement \u00e9clair\u00e9 du patient. Il est essentiel de signaler toute g\u00eane ou douleur ressentie pendant la manipulation.<\/li>\n<li><strong>Le retest<\/strong> : En fin de s\u00e9ance, les mouvements observ\u00e9s lors de l&rsquo;examen clinique sont r\u00e9p\u00e9t\u00e9s afin de comparer les douleurs et la mobilit\u00e9 avant et apr\u00e8s l&rsquo;intervention.<\/li>\n<li><strong>Les conseils<\/strong> : Des recommandations personnalis\u00e9es sont prodigu\u00e9es tout au long de la consultation afin d&rsquo;aider le patient \u00e0 prolonger les bienfaits de la s\u00e9ance dans son quotidien.<\/li>\n<li><strong>La fin de s\u00e9ance<\/strong> : Paiement de la consultation et r\u00e9ponse aux \u00e9ventuelles questions du patient.<\/li>\n<\/ul>\n<p><strong>Tarif et prise en charge<\/strong><\/p>\n<p>Le tarif d&rsquo;une s\u00e9ance d&rsquo;ost\u00e9opathie est de cinquante-cinq euros. Le r\u00e8glement peut s&rsquo;effectuer par ch\u00e8que, esp\u00e8ces ou virement instantan\u00e9.<\/p>\n<p>Les consultations en ost\u00e9opathie ne sont pas prises en charge par la S\u00e9curit\u00e9 sociale. Cependant, certaines mutuelles remboursent totalement ou partiellement la s\u00e9ance effectu\u00e9e par un ost\u00e9opathe D.O. Une facture est donc d\u00e9livr\u00e9e au patient afin qu\u2019il puisse effectuer une demande de remboursement aupr\u00e8s de sa mutuelle.<\/p>\n<p><strong>Consignes du cabinet<\/strong><\/p>\n<ul data-spread=\"false\">\n<li>Chaque patient est invit\u00e9 \u00e0 apporter une grande serviette pour la s\u00e9ance (pour des raisons de confort et dans une d\u00e9marche \u00e9coresponsable).<\/li>\n<li>Il est demand\u00e9 de porter des sous-v\u00eatements en bon \u00e9tat.<\/li>\n<li>En cas de retard de plus de 15 minutes, la s\u00e9ance ne pourra pas \u00eatre effectu\u00e9e.<\/li>\n<li>Toute annulation doit \u00eatre signal\u00e9e en amont afin de permettre \u00e0 un autre patient de b\u00e9n\u00e9ficier du cr\u00e9neau et de respecter le travail du praticien.<\/li>\n<li>Pour les consultations de b\u00e9b\u00e9s et d\u2019enfants, il est conseill\u00e9 d\u2019apporter tout ce qui pourrait les apaiser durant la s\u00e9ance (go\u00fbter, biberon, doudou, livre ou jouet favoris).<\/li>\n<\/ul>\n<p><strong>Valeurs du cabinet<\/strong><\/p>\n<p>Le respect, l&rsquo;\u00e9coute et la bienveillance sont des principes fondamentaux. Tout propos discriminatoire (raciste, homophobe, ou autre) ne sera pas tol\u00e9r\u00e9 au sein du cabinet.<\/p>\n<\/div><\/div><\/div><\/div><\/div>\n","protected":false},"excerpt":{"rendered":"","protected":false},"author":1,"featured_media":0,"parent":0,"menu_order":0,"comment_status":"closed","ping_status":"closed","template":"","meta":{"footnotes":""},"class_list":["post-65","page","type-page","status-publish","hentry"],"yoast_head":"<!-- This site is optimized with the Yoast SEO plugin v24.4 - https:\/\/yoast.com\/wordpress\/plugins\/seo\/ -->\n<title>Consultation Ost\u00e9opathie Riorges - P\u00f4le Equilibre &amp; Sant\u00e9 de Riorges<\/title>\n<meta name=\"robots\" content=\"index, follow, max-snippet:-1, max-image-preview:large, max-video-preview:-1\" \/>\n<link rel=\"canonical\" href=\"https:\/\/pes-loire.fr\/riorges\/consultation-osteopathie-riorges\/\" \/>\n<meta property=\"og:locale\" content=\"fr_FR\" \/>\n<meta property=\"og:type\" content=\"article\" \/>\n<meta property=\"og:title\" content=\"Consultation Ost\u00e9opathie Riorges - P\u00f4le Equilibre &amp; Sant\u00e9 de Riorges\" \/>\n<meta property=\"og:url\" content=\"https:\/\/pes-loire.fr\/riorges\/consultation-osteopathie-riorges\/\" \/>\n<meta property=\"og:site_name\" content=\"P\u00f4le Equilibre &amp; Sant\u00e9 de Riorges\" \/>\n<meta name=\"twitter:card\" content=\"summary_large_image\" \/>\n<script type=\"application\/ld+json\" class=\"yoast-schema-graph\">{\"@context\":\"https:\/\/schema.org\",\"@graph\":[{\"@type\":\"WebPage\",\"@id\":\"https:\/\/pes-loire.fr\/riorges\/consultation-osteopathie-riorges\/\",\"url\":\"https:\/\/pes-loire.fr\/riorges\/consultation-osteopathie-riorges\/\",\"name\":\"Consultation Ost\u00e9opathie Riorges - P\u00f4le Equilibre &amp; Sant\u00e9 de Riorges\",\"isPartOf\":{\"@id\":\"https:\/\/pes-loire.fr\/riorges\/#website\"},\"datePublished\":\"2025-02-13T20:57:15+00:00\",\"breadcrumb\":{\"@id\":\"https:\/\/pes-loire.fr\/riorges\/consultation-osteopathie-riorges\/#breadcrumb\"},\"inLanguage\":\"fr-FR\",\"potentialAction\":[{\"@type\":\"ReadAction\",\"target\":[\"https:\/\/pes-loire.fr\/riorges\/consultation-osteopathie-riorges\/\"]}]},{\"@type\":\"BreadcrumbList\",\"@id\":\"https:\/\/pes-loire.fr\/riorges\/consultation-osteopathie-riorges\/#breadcrumb\",\"itemListElement\":[{\"@type\":\"ListItem\",\"position\":1,\"name\":\"Accueil\",\"item\":\"https:\/\/pes-loire.fr\/riorges\/\"},{\"@type\":\"ListItem\",\"position\":2,\"name\":\"Consultation Ost\u00e9opathie Riorges\"}]},{\"@type\":\"WebSite\",\"@id\":\"https:\/\/pes-loire.fr\/riorges\/#website\",\"url\":\"https:\/\/pes-loire.fr\/riorges\/\",\"name\":\"P\u00f4le Equilibre &amp; Sant\u00e9 de Riorges\",\"description\":\"\",\"potentialAction\":[{\"@type\":\"SearchAction\",\"target\":{\"@type\":\"EntryPoint\",\"urlTemplate\":\"https:\/\/pes-loire.fr\/riorges\/?s={search_term_string}\"},\"query-input\":{\"@type\":\"PropertyValueSpecification\",\"valueRequired\":true,\"valueName\":\"search_term_string\"}}],\"inLanguage\":\"fr-FR\"}]}<\/script>\n<!-- \/ Yoast SEO plugin. -->","yoast_head_json":{"title":"Consultation Ost\u00e9opathie Riorges - P\u00f4le Equilibre &amp; Sant\u00e9 de Riorges","robots":{"index":"index","follow":"follow","max-snippet":"max-snippet:-1","max-image-preview":"max-image-preview:large","max-video-preview":"max-video-preview:-1"},"canonical":"https:\/\/pes-loire.fr\/riorges\/consultation-osteopathie-riorges\/","og_locale":"fr_FR","og_type":"article","og_title":"Consultation Ost\u00e9opathie Riorges - P\u00f4le Equilibre &amp; Sant\u00e9 de Riorges","og_url":"https:\/\/pes-loire.fr\/riorges\/consultation-osteopathie-riorges\/","og_site_name":"P\u00f4le Equilibre &amp; Sant\u00e9 de Riorges","twitter_card":"summary_large_image","schema":{"@context":"https:\/\/schema.org","@graph":[{"@type":"WebPage","@id":"https:\/\/pes-loire.fr\/riorges\/consultation-osteopathie-riorges\/","url":"https:\/\/pes-loire.fr\/riorges\/consultation-osteopathie-riorges\/","name":"Consultation Ost\u00e9opathie Riorges - P\u00f4le Equilibre &amp; Sant\u00e9 de Riorges","isPartOf":{"@id":"https:\/\/pes-loire.fr\/riorges\/#website"},"datePublished":"2025-02-13T20:57:15+00:00","breadcrumb":{"@id":"https:\/\/pes-loire.fr\/riorges\/consultation-osteopathie-riorges\/#breadcrumb"},"inLanguage":"fr-FR","potentialAction":[{"@type":"ReadAction","target":["https:\/\/pes-loire.fr\/riorges\/consultation-osteopathie-riorges\/"]}]},{"@type":"BreadcrumbList","@id":"https:\/\/pes-loire.fr\/riorges\/consultation-osteopathie-riorges\/#breadcrumb","itemListElement":[{"@type":"ListItem","position":1,"name":"Accueil","item":"https:\/\/pes-loire.fr\/riorges\/"},{"@type":"ListItem","position":2,"name":"Consultation Ost\u00e9opathie Riorges"}]},{"@type":"WebSite","@id":"https:\/\/pes-loire.fr\/riorges\/#website","url":"https:\/\/pes-loire.fr\/riorges\/","name":"P\u00f4le Equilibre &amp; Sant\u00e9 de Riorges","description":"","potentialAction":[{"@type":"SearchAction","target":{"@type":"EntryPoint","urlTemplate":"https:\/\/pes-loire.fr\/riorges\/?s={search_term_string}"},"query-input":{"@type":"PropertyValueSpecification","valueRequired":true,"valueName":"search_term_string"}}],"inLanguage":"fr-FR"}]}},"_links":{"self":[{"href":"https:\/\/pes-loire.fr\/riorges\/wp-json\/wp\/v2\/pages\/65","targetHints":{"allow":["GET"]}}],"collection":[{"href":"https:\/\/pes-loire.fr\/riorges\/wp-json\/wp\/v2\/pages"}],"about":[{"href":"https:\/\/pes-loire.fr\/riorges\/wp-json\/wp\/v2\/types\/page"}],"author":[{"embeddable":true,"href":"https:\/\/pes-loire.fr\/riorges\/wp-json\/wp\/v2\/users\/1"}],"replies":[{"embeddable":true,"href":"https:\/\/pes-loire.fr\/riorges\/wp-json\/wp\/v2\/comments?post=65"}],"version-history":[{"count":1,"href":"https:\/\/pes-loire.fr\/riorges\/wp-json\/wp\/v2\/pages\/65\/revisions"}],"predecessor-version":[{"id":67,"href":"https:\/\/pes-loire.fr\/riorges\/wp-json\/wp\/v2\/pages\/65\/revisions\/67"}],"wp:attachment":[{"href":"https:\/\/pes-loire.fr\/riorges\/wp-json\/wp\/v2\/media?parent=65"}],"curies":[{"name":"wp","href":"https:\/\/api.w.org\/{rel}","templated":true}]}}