{"id":8,"date":"2014-10-25T12:18:34","date_gmt":"2014-10-25T11:18:34","guid":{"rendered":"https:\/\/pes-loire.fr\/saint-martin-la-plaine\/?page_id=5"},"modified":"2025-02-13T21:04:13","modified_gmt":"2025-02-13T20:04:13","slug":"contact","status":"publish","type":"page","link":"https:\/\/pes-loire.fr\/riorges\/contact\/","title":{"rendered":"Contact Riorges"},"content":{"rendered":"<p><div class=\"fusion-fullwidth fullwidth-box fusion-builder-row-1 hundred-percent-fullwidth non-hundred-percent-height-scrolling\" style=\"--awb-border-radius-top-left:0px;--awb-border-radius-top-right:0px;--awb-border-radius-bottom-right:0px;--awb-border-radius-bottom-left:0px;--awb-padding-top:0px;--awb-padding-right:0px;--awb-padding-bottom:0px;--awb-padding-left:0px;--awb-margin-top:0px;--awb-margin-bottom:0px;--awb-flex-wrap:wrap;\" ><div class=\"fusion-builder-row fusion-row\"><div class=\"fusion-layout-column fusion_builder_column fusion-builder-column-0 fusion_builder_column_1_1 1_1 fusion-one-full fusion-column-first fusion-column-last\" style=\"--awb-bg-size:cover;\"><div class=\"fusion-column-wrapper fusion-flex-column-wrapper-legacy\"><div class=\"fusion-column-content-centered\"><div class=\"fusion-column-content\">\t\t\t\t\t<script type=\"text\/javascript\">\n\t\t\t\t\t\tvar map_fusion_map_69f1381d33472;\n\t\t\t\t\t\tvar markers = [];\n\t\t\t\t\t\tvar counter = 0;\n\t\t\t\t\t\t\t\t\t\t\t\t\t\t\t\t\t\t\t\tvar fusionMapNonce = '228eb6cd80';\n\t\t\t\t\t\t\t\t\t\t\t\tfunction fusion_run_map_fusion_map_69f1381d33472() {\n\t\t\t\t\t\t\tjQuery('#fusion_map_69f1381d33472').fusion_maps({\n\t\t\t\t\t\t\t\taddresses: [{\"address\":\"162 rue de Saint Alban, 42153 Riorges\",\"infobox_content\":\"<center>P\\u00f4le Equilibre & Sant\\u00e9 de Riorges<br \\\/>162 rue de Saint Alban<br \\\/>42153 Riorges<\\\/center>\",\"marker\":\"https:\\\/\\\/pes-moselle.fr\\\/yutz\\\/wp-content\\\/uploads\\\/sites\\\/2\\\/2017\\\/01\\\/Marker-Map-PES_site.png\",\"coordinates\":false,\"cache\":true,\"latitude\":\"46.0357643\",\"longitude\":\"4.0498981\"}],\n\t\t\t\t\t\t\t\tanimations: false,\n\t\t\t\t\t\t\t\tinfobox_background_color: '#ffffff',\n\t\t\t\t\t\t\t\tinfobox_styling: 'custom',\n\t\t\t\t\t\t\t\tinfobox_text_color: '#000000',\n\t\t\t\t\t\t\t\tmap_style: 'custom',\n\t\t\t\t\t\t\t\tmap_type: 'roadmap',\n\t\t\t\t\t\t\t\tmarker_icon: 'https:\/\/pes-moselle.fr\/yutz\/wp-content\/uploads\/sites\/2\/2017\/01\/Marker-Map-PES_site.png',\n\t\t\t\t\t\t\t\toverlay_color: '',\n\t\t\t\t\t\t\t\toverlay_color_hsl: {\"hue\":0,\"sat\":0,\"lum\":100},\n\t\t\t\t\t\t\t\tshow_address: true,\n\t\t\t\t\t\t\t\tscale_control: true,\n\t\t\t\t\t\t\t\tscrollwheel: false,\n\t\t\t\t\t\t\t\tzoom: 15,\n\t\t\t\t\t\t\t\tzoom_control: true,\n\t\t\t\t\t\t\t});\n\t\t\t\t\t\t}\n\n\t\t\t\t\t\tgoogle.maps.event.addDomListener(window, 'load', fusion_run_map_fusion_map_69f1381d33472);\n\t\t\t\t\t<\/script>\n\t\t\t\t\t<div class=\"shortcode-map fusion-google-map fusion-maps-js-type\" style=\"--awb-height:400px;\" id=\"fusion_map_69f1381d33472\"><\/div><\/div><\/div><div class=\"fusion-clearfix\"><\/div><\/div><\/div><\/div><\/div><div class=\"fusion-fullwidth fullwidth-box fusion-builder-row-2 nonhundred-percent-fullwidth non-hundred-percent-height-scrolling fusion-no-small-visibility fusion-no-medium-visibility\" style=\"--awb-border-radius-top-left:0px;--awb-border-radius-top-right:0px;--awb-border-radius-bottom-right:0px;--awb-border-radius-bottom-left:0px;--awb-padding-top:20px;--awb-padding-bottom:20px;--awb-flex-wrap:wrap;\" ><div class=\"fusion-builder-row fusion-row\"><div class=\"fusion-layout-column fusion_builder_column fusion-builder-column-1 fusion_builder_column_1_1 1_1 fusion-one-full fusion-column-first fusion-column-last\" style=\"--awb-bg-size:cover;\"><div class=\"fusion-column-wrapper fusion-flex-column-wrapper-legacy\"><div class=\"fusion-title title fusion-title-1 fusion-title-center fusion-title-text fusion-title-size-one\"><div class=\"title-sep-container title-sep-container-left\"><div class=\"title-sep sep-double sep-solid\" style=\"border-color:#e0dede;\"><\/div><\/div><span class=\"awb-title-spacer\"><\/span><h1 class=\"fusion-title-heading title-heading-center fusion-responsive-typography-calculated\" style=\"margin:0;--fontSize:34;line-height:1.41;\">Nous contacter<\/h1><span class=\"awb-title-spacer\"><\/span><div class=\"title-sep-container title-sep-container-right\"><div class=\"title-sep sep-double sep-solid\" style=\"border-color:#e0dede;\"><\/div><\/div><\/div><div class=\"fusion-text fusion-text-1\" style=\"--awb-text-transform:none;\"><p>Vous souhaitez contacter un th\u00e9rapeute du P\u00f4le Equilibre&amp;Sant\u00e9 de Riorges pour poser des questions ou prendre rendez-vous? Pour cela, rien de plus simple : nous vous invitons \u00e0 remplir ce formulaire de contact et nous t\u00e2cherons de vous r\u00e9pondre dans les plus brefs d\u00e9lais.<\/p>\n<p style=\"text-align: justify;\">Vous pouvez\u00a0\u00e9galement\u00a0prendre contact par t\u00e9l\u00e9phone :<\/p>\n<p style=\"text-align: justify;\"><i class=\"fb-icon-element-1 fb-icon-element fontawesome-icon fa fa-phone circle-no fusion-text-flow\" style=\"--awb-font-size:20px;--awb-margin-right:10px;\"><\/i><strong>Ost\u00e9opathie<\/strong><b>\u00a0:\u00a0<\/b>06.13.16.29.71<\/p>\n<\/div><div class=\"fusion-text fusion-text-2\"><p>Veuillez noter que nous \u00e9vitons de d\u00e9crocher\u00a0lorsque nous sommes en consultation, mais vous pouvez laisser un message avec vos coordonn\u00e9es pour que nous puissions vous rappeler d\u00e8s que possible.<\/p>\n<\/div><div class=\"fusion-text fusion-text-3\"><p class=\"wpcf7-contact-form-not-found\"><strong>Erreur\u00a0:<\/strong> Formulaire de contact non trouv\u00e9\u00a0!<\/p>\n<\/div><div class=\"fusion-clearfix\"><\/div><\/div><\/div><\/div><\/div><div class=\"fusion-fullwidth fullwidth-box fusion-builder-row-3 nonhundred-percent-fullwidth non-hundred-percent-height-scrolling fusion-no-large-visibility\" style=\"--awb-border-radius-top-left:0px;--awb-border-radius-top-right:0px;--awb-border-radius-bottom-right:0px;--awb-border-radius-bottom-left:0px;--awb-padding-top:20px;--awb-padding-bottom:20px;--awb-flex-wrap:wrap;\" ><div class=\"fusion-builder-row fusion-row\"><div class=\"fusion-layout-column fusion_builder_column fusion-builder-column-2 fusion_builder_column_1_1 1_1 fusion-one-full fusion-column-first fusion-column-last\" style=\"--awb-bg-size:cover;\"><div class=\"fusion-column-wrapper fusion-flex-column-wrapper-legacy\"><div class=\"fusion-title title fusion-title-2 fusion-title-center fusion-title-text fusion-title-size-one\"><div class=\"title-sep-container title-sep-container-left\"><div class=\"title-sep sep-double sep-solid\" style=\"border-color:#e0dede;\"><\/div><\/div><span class=\"awb-title-spacer\"><\/span><h1 class=\"fusion-title-heading title-heading-center fusion-responsive-typography-calculated\" style=\"margin:0;--fontSize:34;line-height:1.41;\">Nous contacter<\/h1><span class=\"awb-title-spacer\"><\/span><div class=\"title-sep-container title-sep-container-right\"><div class=\"title-sep sep-double sep-solid\" style=\"border-color:#e0dede;\"><\/div><\/div><\/div><div class=\"fusion-text fusion-text-4\" style=\"--awb-text-transform:none;\"><p>Vous souhaitez contacter un th\u00e9rapeute du P\u00f4le Equilibre&amp;Sant\u00e9 de Riorges pour poser des questions ou prendre rendez-vous? Pour cela, rien de plus simple : nous vous invitons \u00e0 remplir ce formulaire de contact et nous t\u00e2cherons de vous r\u00e9pondre dans les plus brefs d\u00e9lais.<\/p>\n<p style=\"text-align: justify;\">Vous pouvez\u00a0\u00e9galement\u00a0prendre contact par t\u00e9l\u00e9phone :<\/p>\n<p style=\"text-align: justify;\"><i class=\"fb-icon-element-2 fb-icon-element fontawesome-icon fa fa-phone circle-no fusion-text-flow\" style=\"--awb-font-size:20px;--awb-margin-right:10px;\"><\/i><strong>Ost\u00e9opathie<\/strong><b>\u00a0:\u00a0<\/b>06.13.16.29.71<\/p>\n<\/div><div class=\"fusion-text fusion-text-5\"><p>Veuillez noter que nous \u00e9vitons de d\u00e9crocher\u00a0lorsque nous sommes en consultation, mais vous pouvez laisser un message avec vos coordonn\u00e9es pour que nous puissions vous rappeler d\u00e8s que possible.<\/p>\n<\/div><div class=\"fusion-text fusion-text-6\"><p class=\"wpcf7-contact-form-not-found\"><strong>Erreur\u00a0:<\/strong> Formulaire de contact non trouv\u00e9\u00a0!<\/p>\n<\/div><div class=\"fusion-clearfix\"><\/div><\/div><\/div><\/div><\/div><\/p>\n","protected":false},"excerpt":{"rendered":"","protected":false},"author":1,"featured_media":0,"parent":0,"menu_order":0,"comment_status":"open","ping_status":"open","template":"100-width.php","meta":{"footnotes":""},"class_list":["post-8","page","type-page","status-publish","hentry"],"yoast_head":"<!-- This site is optimized with the Yoast SEO plugin v24.4 - https:\/\/yoast.com\/wordpress\/plugins\/seo\/ -->\n<title>Contact Riorges - P\u00f4le Equilibre &amp; Sant\u00e9 de Riorges<\/title>\n<meta name=\"robots\" content=\"index, follow, max-snippet:-1, max-image-preview:large, max-video-preview:-1\" \/>\n<link rel=\"canonical\" href=\"https:\/\/pes-loire.fr\/riorges\/contact\/\" \/>\n<meta property=\"og:locale\" content=\"fr_FR\" \/>\n<meta property=\"og:type\" content=\"article\" \/>\n<meta property=\"og:title\" content=\"Contact Riorges - P\u00f4le Equilibre &amp; Sant\u00e9 de Riorges\" \/>\n<meta property=\"og:url\" content=\"https:\/\/pes-loire.fr\/riorges\/contact\/\" \/>\n<meta property=\"og:site_name\" content=\"P\u00f4le Equilibre &amp; Sant\u00e9 de Riorges\" \/>\n<meta property=\"article:modified_time\" content=\"2025-02-13T20:04:13+00:00\" \/>\n<meta name=\"twitter:card\" content=\"summary_large_image\" \/>\n<meta name=\"twitter:label1\" content=\"Dur\u00e9e de lecture estim\u00e9e\" \/>\n\t<meta name=\"twitter:data1\" content=\"1 minute\" \/>\n<script type=\"application\/ld+json\" class=\"yoast-schema-graph\">{\"@context\":\"https:\/\/schema.org\",\"@graph\":[{\"@type\":\"WebPage\",\"@id\":\"https:\/\/pes-loire.fr\/riorges\/contact\/\",\"url\":\"https:\/\/pes-loire.fr\/riorges\/contact\/\",\"name\":\"Contact Riorges - P\u00f4le Equilibre &amp; Sant\u00e9 de Riorges\",\"isPartOf\":{\"@id\":\"https:\/\/pes-loire.fr\/riorges\/#website\"},\"datePublished\":\"2014-10-25T11:18:34+00:00\",\"dateModified\":\"2025-02-13T20:04:13+00:00\",\"breadcrumb\":{\"@id\":\"https:\/\/pes-loire.fr\/riorges\/contact\/#breadcrumb\"},\"inLanguage\":\"fr-FR\",\"potentialAction\":[{\"@type\":\"ReadAction\",\"target\":[\"https:\/\/pes-loire.fr\/riorges\/contact\/\"]}]},{\"@type\":\"BreadcrumbList\",\"@id\":\"https:\/\/pes-loire.fr\/riorges\/contact\/#breadcrumb\",\"itemListElement\":[{\"@type\":\"ListItem\",\"position\":1,\"name\":\"Accueil\",\"item\":\"https:\/\/pes-loire.fr\/riorges\/\"},{\"@type\":\"ListItem\",\"position\":2,\"name\":\"Contact Riorges\"}]},{\"@type\":\"WebSite\",\"@id\":\"https:\/\/pes-loire.fr\/riorges\/#website\",\"url\":\"https:\/\/pes-loire.fr\/riorges\/\",\"name\":\"P\u00f4le Equilibre &amp; Sant\u00e9 de Riorges\",\"description\":\"\",\"potentialAction\":[{\"@type\":\"SearchAction\",\"target\":{\"@type\":\"EntryPoint\",\"urlTemplate\":\"https:\/\/pes-loire.fr\/riorges\/?s={search_term_string}\"},\"query-input\":{\"@type\":\"PropertyValueSpecification\",\"valueRequired\":true,\"valueName\":\"search_term_string\"}}],\"inLanguage\":\"fr-FR\"}]}<\/script>\n<!-- \/ Yoast SEO plugin. -->","yoast_head_json":{"title":"Contact Riorges - P\u00f4le Equilibre &amp; Sant\u00e9 de Riorges","robots":{"index":"index","follow":"follow","max-snippet":"max-snippet:-1","max-image-preview":"max-image-preview:large","max-video-preview":"max-video-preview:-1"},"canonical":"https:\/\/pes-loire.fr\/riorges\/contact\/","og_locale":"fr_FR","og_type":"article","og_title":"Contact Riorges - P\u00f4le Equilibre &amp; Sant\u00e9 de Riorges","og_url":"https:\/\/pes-loire.fr\/riorges\/contact\/","og_site_name":"P\u00f4le Equilibre &amp; Sant\u00e9 de Riorges","article_modified_time":"2025-02-13T20:04:13+00:00","twitter_card":"summary_large_image","twitter_misc":{"Dur\u00e9e de lecture estim\u00e9e":"1 minute"},"schema":{"@context":"https:\/\/schema.org","@graph":[{"@type":"WebPage","@id":"https:\/\/pes-loire.fr\/riorges\/contact\/","url":"https:\/\/pes-loire.fr\/riorges\/contact\/","name":"Contact Riorges - P\u00f4le Equilibre &amp; Sant\u00e9 de Riorges","isPartOf":{"@id":"https:\/\/pes-loire.fr\/riorges\/#website"},"datePublished":"2014-10-25T11:18:34+00:00","dateModified":"2025-02-13T20:04:13+00:00","breadcrumb":{"@id":"https:\/\/pes-loire.fr\/riorges\/contact\/#breadcrumb"},"inLanguage":"fr-FR","potentialAction":[{"@type":"ReadAction","target":["https:\/\/pes-loire.fr\/riorges\/contact\/"]}]},{"@type":"BreadcrumbList","@id":"https:\/\/pes-loire.fr\/riorges\/contact\/#breadcrumb","itemListElement":[{"@type":"ListItem","position":1,"name":"Accueil","item":"https:\/\/pes-loire.fr\/riorges\/"},{"@type":"ListItem","position":2,"name":"Contact Riorges"}]},{"@type":"WebSite","@id":"https:\/\/pes-loire.fr\/riorges\/#website","url":"https:\/\/pes-loire.fr\/riorges\/","name":"P\u00f4le Equilibre &amp; Sant\u00e9 de Riorges","description":"","potentialAction":[{"@type":"SearchAction","target":{"@type":"EntryPoint","urlTemplate":"https:\/\/pes-loire.fr\/riorges\/?s={search_term_string}"},"query-input":{"@type":"PropertyValueSpecification","valueRequired":true,"valueName":"search_term_string"}}],"inLanguage":"fr-FR"}]}},"_links":{"self":[{"href":"https:\/\/pes-loire.fr\/riorges\/wp-json\/wp\/v2\/pages\/8","targetHints":{"allow":["GET"]}}],"collection":[{"href":"https:\/\/pes-loire.fr\/riorges\/wp-json\/wp\/v2\/pages"}],"about":[{"href":"https:\/\/pes-loire.fr\/riorges\/wp-json\/wp\/v2\/types\/page"}],"author":[{"embeddable":true,"href":"https:\/\/pes-loire.fr\/riorges\/wp-json\/wp\/v2\/users\/1"}],"replies":[{"embeddable":true,"href":"https:\/\/pes-loire.fr\/riorges\/wp-json\/wp\/v2\/comments?post=8"}],"version-history":[{"count":2,"href":"https:\/\/pes-loire.fr\/riorges\/wp-json\/wp\/v2\/pages\/8\/revisions"}],"predecessor-version":[{"id":43,"href":"https:\/\/pes-loire.fr\/riorges\/wp-json\/wp\/v2\/pages\/8\/revisions\/43"}],"wp:attachment":[{"href":"https:\/\/pes-loire.fr\/riorges\/wp-json\/wp\/v2\/media?parent=8"}],"curies":[{"name":"wp","href":"https:\/\/api.w.org\/{rel}","templated":true}]}}