{"id":38,"date":"2015-01-06T23:14:20","date_gmt":"2015-01-06T22:14:20","guid":{"rendered":"https:\/\/pes-loire.fr\/saint-martin-la-plaine\/?page_id=38"},"modified":"2021-12-05T18:14:50","modified_gmt":"2021-12-05T17:14:50","slug":"osteopathe-saint-martin-la-plaine","status":"publish","type":"page","link":"https:\/\/pes-loire.fr\/saint-martin-la-plaine\/osteopathe-saint-martin-la-plaine\/","title":{"rendered":"Votre ost\u00e9opathe"},"content":{"rendered":"<div class=\"fusion-fullwidth fullwidth-box fusion-builder-row-1 nonhundred-percent-fullwidth non-hundred-percent-height-scrolling\" style=\"--awb-border-radius-top-left:0px;--awb-border-radius-top-right:0px;--awb-border-radius-bottom-right:0px;--awb-border-radius-bottom-left:0px;--awb-flex-wrap:wrap;\" ><div class=\"fusion-builder-row fusion-row\"><div class=\"fusion-layout-column fusion_builder_column fusion-builder-column-0 fusion_builder_column_1_1 1_1 fusion-one-full fusion-column-first fusion-column-last\" style=\"--awb-bg-size:cover;\"><div class=\"fusion-column-wrapper fusion-flex-column-wrapper-legacy\"><div class=\"fusion-title title fusion-title-1 fusion-title-center fusion-title-text fusion-title-size-one\"><div class=\"title-sep-container title-sep-container-left\"><div class=\"title-sep sep-double sep-solid\" style=\"border-color:#e0dede;\"><\/div><\/div><span class=\"awb-title-spacer\"><\/span><h1 class=\"fusion-title-heading title-heading-center fusion-responsive-typography-calculated\" style=\"margin:0;--fontSize:34;line-height:1.41;\">Ost\u00e9opathe\u00a0Saint Martin la Plaine<\/h1><span class=\"awb-title-spacer\"><\/span><div class=\"title-sep-container title-sep-container-right\"><div class=\"title-sep sep-double sep-solid\" style=\"border-color:#e0dede;\"><\/div><\/div><\/div><div class=\"fusion-person person fusion-person-left fusion-person-1 fusion-person-icon-top\" style=\"--awb-pic-style-color:#000000;--awb-pic-borderradius:0px;--awb-margin-top:0px;--awb-margin-right:0px;--awb-margin-bottom:0px;--awb-margin-left:0px;--awb-social-box-border-top:0px;--awb-social-box-border-right:0px;--awb-social-box-border-bottom:0px;--awb-social-box-border-left:0px;--awb-social-box-border-color:var(--awb-color3);--awb-social-box-border-color-hover:var(--awb-color4);--awb-social-box-colors-hover:rgba(232,232,232,0.8);--awb-social-icon-boxed-colors:#e8e8e8;--awb-social-icon-colors:#82c9f0;--awb-social-icon-colors-hover:rgba(130,201,240,0.8);\"><div class=\"person-desc\"><div class=\"person-author\"><div class=\"person-author-wrapper\"><span class=\"person-name\">Ana\u00efs Gauthier<\/span><span class=\"person-title\">Ost\u00e9opathe D.O.<\/span><\/div><div class=\"fusion-social-networks\"><div class=\"fusion-social-networks-wrapper\"><a class=\"fusion-social-network-icon fusion-tooltip fusion-facebook awb-icon-facebook custom\" aria-label=\"fusion-facebook\" href=\"https:\/\/www.facebook.com\/pes.saint.martin.la.plaine\" target=\"_blank\" rel=\"noopener noreferrer\" style=\"color:#82c9f0;font-size:16px;\" data-placement=\"top\" data-title=\"Facebook\" title=\"Facebook\" data-toggle=\"tooltip\"><\/a><a class=\"fusion-social-network-icon fusion-tooltip fusion-twitter awb-icon-twitter custom\" aria-label=\"fusion-twitter\" href=\"https:\/\/twitter.com\/PesFrance\" target=\"_blank\" rel=\"noopener noreferrer\" style=\"color:#82c9f0;font-size:16px;\" data-placement=\"top\" data-title=\"Twitter\" title=\"Twitter\" data-toggle=\"tooltip\"><\/a><\/div><\/div><\/div><div class=\"person-content fusion-clearfix\"><\/div><\/div><\/div><div class=\"fusion-text fusion-text-1\" style=\"--awb-text-transform:none;\"><p style=\"text-align: justify;\">Ana\u00efs GAUTHIER, Ost\u00e9opathe \u00e0 Saint-Martin-la-plaine est dipl\u00f4m\u00e9e du Centre International d\u2019Ost\u00e9opathie (CIDO) \u00e0 Saint-Etienne, \u00e9cole agr\u00e9\u00e9e par le Minist\u00e8re de la Sant\u00e9, d\u00e9livrant le dipl\u00f4me D.O d\u2019ost\u00e9opathie apr\u00e8s 5 ann\u00e9es d\u2019\u00e9tudes.<\/p>\n<p style=\"text-align: justify;\">Sa formation lui\u00a0permet de prendre en charge tous types de patients, pour des motifs de consultation diff\u00e9rents. La prise en charge sera adapt\u00e9e \u00e0 chaque patient \u00e0 un instant T.<\/p>\n<p style=\"text-align: justify;\">Ses notions cliniques lui permettront de vous prendre en charge en urgence, en toute s\u00e9curit\u00e9, et de vous r\u00e9orienter si le probl\u00e8me n\u2019est pas de l\u2019ordre de l\u2019ost\u00e9opathie.<\/p>\n<p style=\"text-align: justify;\">Sa pratique est vari\u00e9e, abordant un large panel de techniques\u00a0: articulaires, musculaires, fasciales, visc\u00e9rales, cr\u00e2niennes, mobilisations rythmiques, utilisation de la respiration\u2026<\/p>\n<p style=\"text-align: justify;\">Au cours de sa formation, elle a\u00a0effectu\u00e9 plusieurs interventions dans des maisons d\u2019accueil sp\u00e9cialis\u00e9es (prise en charge de personnes polyhandicap\u00e9es), des centres de r\u00e9\u00e9ducation, des maisons de retraite et \u00e0 l\u2019h\u00f4pital (au sein du service d\u2019oncop\u00e9diatrie).<\/p>\n<p style=\"text-align: justify;\">Son m\u00e9moire de fin de cursus portait sur le bruxisme diurne (serrage\/grincement des dents pendant la journ\u00e9e) et l\u2019impact de l\u2019ost\u00e9opathie cr\u00e2nienne sur cette parafonction. Par ces connaissances acquises durant ce travail, elle sera donc apte \u00e0 travailler sur vos troubles au niveau de la m\u00e2choire (craquement, douleur, bruxisme&#8230;).<\/p>\n<p style=\"text-align: justify;\">Elle\u00a0accorde une place importante aux \u00e9changes avec le patient, pour pouvoir r\u00e9pondre au mieux \u00e0 ses attentes. Son objectif, en plus de donner un \u00ab\u00a0coup de main\u00a0\u00bb \u00e0 votre corps avec sa prise en charge globale, est de vous conseiller. Ceci ayant pour but de vous correspondent et d\u2019\u00eatre adapt\u00e9s \u00e0 votre situation pour vous aider \u00e0 continuer le travail sur le long terme.<\/p>\n<p style=\"text-align: justify;\">Elle sera ravie de vous rencontrer, afin de vous aider \u00e0 am\u00e9liorer votre qualit\u00e9 de vie.<\/p>\n<\/div><div class=\"fusion-clearfix\"><\/div><\/div><\/div><\/div><\/div>\n","protected":false},"excerpt":{"rendered":"","protected":false},"author":1,"featured_media":0,"parent":0,"menu_order":0,"comment_status":"closed","ping_status":"closed","template":"","meta":{"footnotes":""},"class_list":["post-38","page","type-page","status-publish","hentry"],"yoast_head":"<!-- This site is optimized with the Yoast SEO plugin v24.4 - https:\/\/yoast.com\/wordpress\/plugins\/seo\/ -->\n<title>Votre ost\u00e9opathe - P\u00f4le Equilibre&amp;Sant\u00e9 de Saint Martin la Plaine<\/title>\n<meta name=\"robots\" content=\"index, follow, max-snippet:-1, max-image-preview:large, max-video-preview:-1\" \/>\n<link rel=\"canonical\" href=\"https:\/\/pes-loire.fr\/saint-martin-la-plaine\/osteopathe-saint-martin-la-plaine\/\" \/>\n<meta property=\"og:locale\" content=\"fr_FR\" \/>\n<meta property=\"og:type\" content=\"article\" \/>\n<meta property=\"og:title\" content=\"Votre ost\u00e9opathe - P\u00f4le Equilibre&amp;Sant\u00e9 de Saint Martin la Plaine\" \/>\n<meta property=\"og:url\" content=\"https:\/\/pes-loire.fr\/saint-martin-la-plaine\/osteopathe-saint-martin-la-plaine\/\" \/>\n<meta property=\"og:site_name\" content=\"P\u00f4le Equilibre&amp;Sant\u00e9 de Saint Martin la Plaine\" \/>\n<meta property=\"article:modified_time\" content=\"2021-12-05T17:14:50+00:00\" \/>\n<meta name=\"twitter:card\" content=\"summary_large_image\" \/>\n<meta name=\"twitter:label1\" content=\"Dur\u00e9e de lecture estim\u00e9e\" \/>\n\t<meta name=\"twitter:data1\" content=\"3 minutes\" \/>\n<script type=\"application\/ld+json\" class=\"yoast-schema-graph\">{\"@context\":\"https:\/\/schema.org\",\"@graph\":[{\"@type\":\"WebPage\",\"@id\":\"https:\/\/pes-loire.fr\/saint-martin-la-plaine\/osteopathe-saint-martin-la-plaine\/\",\"url\":\"https:\/\/pes-loire.fr\/saint-martin-la-plaine\/osteopathe-saint-martin-la-plaine\/\",\"name\":\"Votre ost\u00e9opathe - P\u00f4le Equilibre&amp;Sant\u00e9 de Saint Martin la Plaine\",\"isPartOf\":{\"@id\":\"https:\/\/pes-loire.fr\/saint-martin-la-plaine\/#website\"},\"datePublished\":\"2015-01-06T22:14:20+00:00\",\"dateModified\":\"2021-12-05T17:14:50+00:00\",\"breadcrumb\":{\"@id\":\"https:\/\/pes-loire.fr\/saint-martin-la-plaine\/osteopathe-saint-martin-la-plaine\/#breadcrumb\"},\"inLanguage\":\"fr-FR\",\"potentialAction\":[{\"@type\":\"ReadAction\",\"target\":[\"https:\/\/pes-loire.fr\/saint-martin-la-plaine\/osteopathe-saint-martin-la-plaine\/\"]}]},{\"@type\":\"BreadcrumbList\",\"@id\":\"https:\/\/pes-loire.fr\/saint-martin-la-plaine\/osteopathe-saint-martin-la-plaine\/#breadcrumb\",\"itemListElement\":[{\"@type\":\"ListItem\",\"position\":1,\"name\":\"Accueil\",\"item\":\"https:\/\/pes-loire.fr\/saint-martin-la-plaine\/\"},{\"@type\":\"ListItem\",\"position\":2,\"name\":\"Votre ost\u00e9opathe\"}]},{\"@type\":\"WebSite\",\"@id\":\"https:\/\/pes-loire.fr\/saint-martin-la-plaine\/#website\",\"url\":\"https:\/\/pes-loire.fr\/saint-martin-la-plaine\/\",\"name\":\"P\u00f4le Equilibre&amp;Sant\u00e9 de Saint Martin la Plaine\",\"description\":\"\",\"potentialAction\":[{\"@type\":\"SearchAction\",\"target\":{\"@type\":\"EntryPoint\",\"urlTemplate\":\"https:\/\/pes-loire.fr\/saint-martin-la-plaine\/?s={search_term_string}\"},\"query-input\":{\"@type\":\"PropertyValueSpecification\",\"valueRequired\":true,\"valueName\":\"search_term_string\"}}],\"inLanguage\":\"fr-FR\"}]}<\/script>\n<!-- \/ Yoast SEO plugin. -->","yoast_head_json":{"title":"Votre ost\u00e9opathe - P\u00f4le Equilibre&amp;Sant\u00e9 de Saint Martin la Plaine","robots":{"index":"index","follow":"follow","max-snippet":"max-snippet:-1","max-image-preview":"max-image-preview:large","max-video-preview":"max-video-preview:-1"},"canonical":"https:\/\/pes-loire.fr\/saint-martin-la-plaine\/osteopathe-saint-martin-la-plaine\/","og_locale":"fr_FR","og_type":"article","og_title":"Votre ost\u00e9opathe - P\u00f4le Equilibre&amp;Sant\u00e9 de Saint Martin la Plaine","og_url":"https:\/\/pes-loire.fr\/saint-martin-la-plaine\/osteopathe-saint-martin-la-plaine\/","og_site_name":"P\u00f4le Equilibre&amp;Sant\u00e9 de Saint Martin la Plaine","article_modified_time":"2021-12-05T17:14:50+00:00","twitter_card":"summary_large_image","twitter_misc":{"Dur\u00e9e de lecture estim\u00e9e":"3 minutes"},"schema":{"@context":"https:\/\/schema.org","@graph":[{"@type":"WebPage","@id":"https:\/\/pes-loire.fr\/saint-martin-la-plaine\/osteopathe-saint-martin-la-plaine\/","url":"https:\/\/pes-loire.fr\/saint-martin-la-plaine\/osteopathe-saint-martin-la-plaine\/","name":"Votre ost\u00e9opathe - P\u00f4le Equilibre&amp;Sant\u00e9 de Saint Martin la Plaine","isPartOf":{"@id":"https:\/\/pes-loire.fr\/saint-martin-la-plaine\/#website"},"datePublished":"2015-01-06T22:14:20+00:00","dateModified":"2021-12-05T17:14:50+00:00","breadcrumb":{"@id":"https:\/\/pes-loire.fr\/saint-martin-la-plaine\/osteopathe-saint-martin-la-plaine\/#breadcrumb"},"inLanguage":"fr-FR","potentialAction":[{"@type":"ReadAction","target":["https:\/\/pes-loire.fr\/saint-martin-la-plaine\/osteopathe-saint-martin-la-plaine\/"]}]},{"@type":"BreadcrumbList","@id":"https:\/\/pes-loire.fr\/saint-martin-la-plaine\/osteopathe-saint-martin-la-plaine\/#breadcrumb","itemListElement":[{"@type":"ListItem","position":1,"name":"Accueil","item":"https:\/\/pes-loire.fr\/saint-martin-la-plaine\/"},{"@type":"ListItem","position":2,"name":"Votre ost\u00e9opathe"}]},{"@type":"WebSite","@id":"https:\/\/pes-loire.fr\/saint-martin-la-plaine\/#website","url":"https:\/\/pes-loire.fr\/saint-martin-la-plaine\/","name":"P\u00f4le Equilibre&amp;Sant\u00e9 de Saint Martin la Plaine","description":"","potentialAction":[{"@type":"SearchAction","target":{"@type":"EntryPoint","urlTemplate":"https:\/\/pes-loire.fr\/saint-martin-la-plaine\/?s={search_term_string}"},"query-input":{"@type":"PropertyValueSpecification","valueRequired":true,"valueName":"search_term_string"}}],"inLanguage":"fr-FR"}]}},"_links":{"self":[{"href":"https:\/\/pes-loire.fr\/saint-martin-la-plaine\/wp-json\/wp\/v2\/pages\/38","targetHints":{"allow":["GET"]}}],"collection":[{"href":"https:\/\/pes-loire.fr\/saint-martin-la-plaine\/wp-json\/wp\/v2\/pages"}],"about":[{"href":"https:\/\/pes-loire.fr\/saint-martin-la-plaine\/wp-json\/wp\/v2\/types\/page"}],"author":[{"embeddable":true,"href":"https:\/\/pes-loire.fr\/saint-martin-la-plaine\/wp-json\/wp\/v2\/users\/1"}],"replies":[{"embeddable":true,"href":"https:\/\/pes-loire.fr\/saint-martin-la-plaine\/wp-json\/wp\/v2\/comments?post=38"}],"version-history":[{"count":3,"href":"https:\/\/pes-loire.fr\/saint-martin-la-plaine\/wp-json\/wp\/v2\/pages\/38\/revisions"}],"predecessor-version":[{"id":103,"href":"https:\/\/pes-loire.fr\/saint-martin-la-plaine\/wp-json\/wp\/v2\/pages\/38\/revisions\/103"}],"wp:attachment":[{"href":"https:\/\/pes-loire.fr\/saint-martin-la-plaine\/wp-json\/wp\/v2\/media?parent=38"}],"curies":[{"name":"wp","href":"https:\/\/api.w.org\/{rel}","templated":true}]}}