{"id":49,"date":"2015-06-15T13:28:31","date_gmt":"2015-06-15T12:28:31","guid":{"rendered":"https:\/\/pes-loire.fr\/saint-martin-la-plaine\/?page_id=49"},"modified":"2017-11-06T11:09:09","modified_gmt":"2017-11-06T10:09:09","slug":"osteopathie-nourrisson","status":"publish","type":"page","link":"https:\/\/pes-loire.fr\/saint-martin-la-plaine\/osteopathie-nourrisson\/","title":{"rendered":"Ost\u00e9opathie Nourrisson"},"content":{"rendered":"<p>Quelques conseils aux parents :<\/p>\n<p><a href=\"https:\/\/seropp.org\/fiches-pratiques\/\"><strong><em>FICHES PRATIQUES<\/em><\/strong><\/a><\/p>\n","protected":false},"excerpt":{"rendered":"<p>Quelques conseils aux parents : FICHES PRATIQUES<\/p>\n","protected":false},"author":1,"featured_media":0,"parent":0,"menu_order":0,"comment_status":"open","ping_status":"open","template":"","meta":{"footnotes":""},"class_list":["post-49","page","type-page","status-publish","hentry"],"yoast_head":"<!-- This site is optimized with the Yoast SEO plugin v24.4 - https:\/\/yoast.com\/wordpress\/plugins\/seo\/ -->\n<title>Ost\u00e9opathie Nourrisson - P\u00f4le Equilibre&amp;Sant\u00e9 de Saint Martin la Plaine<\/title>\n<meta name=\"robots\" content=\"index, follow, max-snippet:-1, max-image-preview:large, max-video-preview:-1\" \/>\n<link rel=\"canonical\" href=\"https:\/\/pes-loire.fr\/saint-martin-la-plaine\/osteopathie-nourrisson\/\" \/>\n<meta property=\"og:locale\" content=\"fr_FR\" \/>\n<meta property=\"og:type\" content=\"article\" \/>\n<meta property=\"og:title\" content=\"Ost\u00e9opathie Nourrisson - P\u00f4le Equilibre&amp;Sant\u00e9 de Saint Martin la Plaine\" \/>\n<meta property=\"og:description\" content=\"Quelques conseils aux parents : FICHES PRATIQUES\" \/>\n<meta property=\"og:url\" content=\"https:\/\/pes-loire.fr\/saint-martin-la-plaine\/osteopathie-nourrisson\/\" \/>\n<meta property=\"og:site_name\" content=\"P\u00f4le Equilibre&amp;Sant\u00e9 de Saint Martin la Plaine\" \/>\n<meta property=\"article:modified_time\" content=\"2017-11-06T10:09:09+00:00\" \/>\n<meta name=\"twitter:card\" content=\"summary_large_image\" \/>\n<script type=\"application\/ld+json\" class=\"yoast-schema-graph\">{\"@context\":\"https:\/\/schema.org\",\"@graph\":[{\"@type\":\"WebPage\",\"@id\":\"https:\/\/pes-loire.fr\/saint-martin-la-plaine\/osteopathie-nourrisson\/\",\"url\":\"https:\/\/pes-loire.fr\/saint-martin-la-plaine\/osteopathie-nourrisson\/\",\"name\":\"Ost\u00e9opathie Nourrisson - P\u00f4le Equilibre&amp;Sant\u00e9 de Saint Martin la Plaine\",\"isPartOf\":{\"@id\":\"https:\/\/pes-loire.fr\/saint-martin-la-plaine\/#website\"},\"datePublished\":\"2015-06-15T12:28:31+00:00\",\"dateModified\":\"2017-11-06T10:09:09+00:00\",\"breadcrumb\":{\"@id\":\"https:\/\/pes-loire.fr\/saint-martin-la-plaine\/osteopathie-nourrisson\/#breadcrumb\"},\"inLanguage\":\"fr-FR\",\"potentialAction\":[{\"@type\":\"ReadAction\",\"target\":[\"https:\/\/pes-loire.fr\/saint-martin-la-plaine\/osteopathie-nourrisson\/\"]}]},{\"@type\":\"BreadcrumbList\",\"@id\":\"https:\/\/pes-loire.fr\/saint-martin-la-plaine\/osteopathie-nourrisson\/#breadcrumb\",\"itemListElement\":[{\"@type\":\"ListItem\",\"position\":1,\"name\":\"Accueil\",\"item\":\"https:\/\/pes-loire.fr\/saint-martin-la-plaine\/\"},{\"@type\":\"ListItem\",\"position\":2,\"name\":\"Ost\u00e9opathie Nourrisson\"}]},{\"@type\":\"WebSite\",\"@id\":\"https:\/\/pes-loire.fr\/saint-martin-la-plaine\/#website\",\"url\":\"https:\/\/pes-loire.fr\/saint-martin-la-plaine\/\",\"name\":\"P\u00f4le Equilibre&amp;Sant\u00e9 de Saint Martin la Plaine\",\"description\":\"\",\"potentialAction\":[{\"@type\":\"SearchAction\",\"target\":{\"@type\":\"EntryPoint\",\"urlTemplate\":\"https:\/\/pes-loire.fr\/saint-martin-la-plaine\/?s={search_term_string}\"},\"query-input\":{\"@type\":\"PropertyValueSpecification\",\"valueRequired\":true,\"valueName\":\"search_term_string\"}}],\"inLanguage\":\"fr-FR\"}]}<\/script>\n<!-- \/ Yoast SEO plugin. -->","yoast_head_json":{"title":"Ost\u00e9opathie Nourrisson - P\u00f4le Equilibre&amp;Sant\u00e9 de Saint Martin la Plaine","robots":{"index":"index","follow":"follow","max-snippet":"max-snippet:-1","max-image-preview":"max-image-preview:large","max-video-preview":"max-video-preview:-1"},"canonical":"https:\/\/pes-loire.fr\/saint-martin-la-plaine\/osteopathie-nourrisson\/","og_locale":"fr_FR","og_type":"article","og_title":"Ost\u00e9opathie Nourrisson - P\u00f4le Equilibre&amp;Sant\u00e9 de Saint Martin la Plaine","og_description":"Quelques conseils aux parents : FICHES PRATIQUES","og_url":"https:\/\/pes-loire.fr\/saint-martin-la-plaine\/osteopathie-nourrisson\/","og_site_name":"P\u00f4le Equilibre&amp;Sant\u00e9 de Saint Martin la Plaine","article_modified_time":"2017-11-06T10:09:09+00:00","twitter_card":"summary_large_image","schema":{"@context":"https:\/\/schema.org","@graph":[{"@type":"WebPage","@id":"https:\/\/pes-loire.fr\/saint-martin-la-plaine\/osteopathie-nourrisson\/","url":"https:\/\/pes-loire.fr\/saint-martin-la-plaine\/osteopathie-nourrisson\/","name":"Ost\u00e9opathie Nourrisson - P\u00f4le Equilibre&amp;Sant\u00e9 de Saint Martin la Plaine","isPartOf":{"@id":"https:\/\/pes-loire.fr\/saint-martin-la-plaine\/#website"},"datePublished":"2015-06-15T12:28:31+00:00","dateModified":"2017-11-06T10:09:09+00:00","breadcrumb":{"@id":"https:\/\/pes-loire.fr\/saint-martin-la-plaine\/osteopathie-nourrisson\/#breadcrumb"},"inLanguage":"fr-FR","potentialAction":[{"@type":"ReadAction","target":["https:\/\/pes-loire.fr\/saint-martin-la-plaine\/osteopathie-nourrisson\/"]}]},{"@type":"BreadcrumbList","@id":"https:\/\/pes-loire.fr\/saint-martin-la-plaine\/osteopathie-nourrisson\/#breadcrumb","itemListElement":[{"@type":"ListItem","position":1,"name":"Accueil","item":"https:\/\/pes-loire.fr\/saint-martin-la-plaine\/"},{"@type":"ListItem","position":2,"name":"Ost\u00e9opathie Nourrisson"}]},{"@type":"WebSite","@id":"https:\/\/pes-loire.fr\/saint-martin-la-plaine\/#website","url":"https:\/\/pes-loire.fr\/saint-martin-la-plaine\/","name":"P\u00f4le Equilibre&amp;Sant\u00e9 de Saint Martin la Plaine","description":"","potentialAction":[{"@type":"SearchAction","target":{"@type":"EntryPoint","urlTemplate":"https:\/\/pes-loire.fr\/saint-martin-la-plaine\/?s={search_term_string}"},"query-input":{"@type":"PropertyValueSpecification","valueRequired":true,"valueName":"search_term_string"}}],"inLanguage":"fr-FR"}]}},"_links":{"self":[{"href":"https:\/\/pes-loire.fr\/saint-martin-la-plaine\/wp-json\/wp\/v2\/pages\/49","targetHints":{"allow":["GET"]}}],"collection":[{"href":"https:\/\/pes-loire.fr\/saint-martin-la-plaine\/wp-json\/wp\/v2\/pages"}],"about":[{"href":"https:\/\/pes-loire.fr\/saint-martin-la-plaine\/wp-json\/wp\/v2\/types\/page"}],"author":[{"embeddable":true,"href":"https:\/\/pes-loire.fr\/saint-martin-la-plaine\/wp-json\/wp\/v2\/users\/1"}],"replies":[{"embeddable":true,"href":"https:\/\/pes-loire.fr\/saint-martin-la-plaine\/wp-json\/wp\/v2\/comments?post=49"}],"version-history":[{"count":2,"href":"https:\/\/pes-loire.fr\/saint-martin-la-plaine\/wp-json\/wp\/v2\/pages\/49\/revisions"}],"predecessor-version":[{"id":84,"href":"https:\/\/pes-loire.fr\/saint-martin-la-plaine\/wp-json\/wp\/v2\/pages\/49\/revisions\/84"}],"wp:attachment":[{"href":"https:\/\/pes-loire.fr\/saint-martin-la-plaine\/wp-json\/wp\/v2\/media?parent=49"}],"curies":[{"name":"wp","href":"https:\/\/api.w.org\/{rel}","templated":true}]}}