{"id":86,"date":"2017-11-22T21:19:47","date_gmt":"2017-11-22T20:19:47","guid":{"rendered":"https:\/\/pes-loire.fr\/saint-martin-la-plaine\/?page_id=86"},"modified":"2022-09-11T22:31:48","modified_gmt":"2022-09-11T20:31:48","slug":"rdv-osteopathie","status":"publish","type":"page","link":"https:\/\/pes-loire.fr\/saint-martin-la-plaine\/rdv-osteopathie\/","title":{"rendered":"RDV Ost\u00e9opathie"},"content":{"rendered":"<div class=\"fusion-fullwidth fullwidth-box fusion-builder-row-1 nonhundred-percent-fullwidth non-hundred-percent-height-scrolling\" style=\"--awb-border-radius-top-left:0px;--awb-border-radius-top-right:0px;--awb-border-radius-bottom-right:0px;--awb-border-radius-bottom-left:0px;--awb-flex-wrap:wrap;\" ><div class=\"fusion-builder-row fusion-row\"><div class=\"fusion-layout-column fusion_builder_column fusion-builder-column-0 fusion_builder_column_1_1 1_1 fusion-one-full fusion-column-first fusion-column-last\" style=\"--awb-bg-size:cover;\"><div class=\"fusion-column-wrapper fusion-flex-column-wrapper-legacy\"><div class=\"fusion-title title fusion-title-1 fusion-title-center fusion-title-text fusion-title-size-one\"><div class=\"title-sep-container title-sep-container-left\"><div class=\"title-sep sep-double sep-solid\" style=\"border-color:#e0dede;\"><\/div><\/div><span class=\"awb-title-spacer\"><\/span><h1 class=\"fusion-title-heading title-heading-center fusion-responsive-typography-calculated\" style=\"margin:0;--fontSize:34;line-height:1.41;\">Prendre RDV<\/h1><span class=\"awb-title-spacer\"><\/span><div class=\"title-sep-container title-sep-container-right\"><div class=\"title-sep sep-double sep-solid\" style=\"border-color:#e0dede;\"><\/div><\/div><\/div><div class=\"fusion-text fusion-text-1\"><p>Vous pouvez dor\u00e9navant prendre rendez-vous directement avec votre Ost\u00e9opathe \u00e0 Saint-Martin-la-Plaine par internet gr\u00e2ce \u00e0 notre partenaire Doctolib. Pour cela rien de plus simple, il vous suffit de s\u00e9lectionner le type de consultation qui vous int\u00e9resse et enfin la date et l&rsquo;horaire qui vous convient.<\/p>\n<\/div><div class=\"fusion-text fusion-text-2\"><p><iframe style=\"height: 800px; min-height: 304px; width: 100%;\" src=\"https:\/\/partners.doctolib.fr\/osteopathe\/saint-martin-la-plaine\/anais-gauthier\" width=\"300\" height=\"150\" scrolling=\"no\"><\/iframe><script src=\"https:\/\/www.doctolib.fr\/js\/iframeResizer.js\"><\/script><script>iFrameResize()<\/script><\/p>\n<\/div><div class=\"fusion-clearfix\"><\/div><\/div><\/div><\/div><\/div>\n","protected":false},"excerpt":{"rendered":"","protected":false},"author":1,"featured_media":0,"parent":0,"menu_order":0,"comment_status":"closed","ping_status":"closed","template":"","meta":{"footnotes":""},"class_list":["post-86","page","type-page","status-publish","hentry"],"yoast_head":"<!-- This site is optimized with the Yoast SEO plugin v24.4 - https:\/\/yoast.com\/wordpress\/plugins\/seo\/ -->\n<title>RDV Ost\u00e9opathie - P\u00f4le Equilibre&amp;Sant\u00e9 de Saint Martin la Plaine<\/title>\n<meta name=\"robots\" content=\"index, follow, max-snippet:-1, max-image-preview:large, max-video-preview:-1\" \/>\n<link rel=\"canonical\" href=\"https:\/\/pes-loire.fr\/saint-martin-la-plaine\/rdv-osteopathie\/\" \/>\n<meta property=\"og:locale\" content=\"fr_FR\" \/>\n<meta property=\"og:type\" content=\"article\" \/>\n<meta property=\"og:title\" content=\"RDV Ost\u00e9opathie - P\u00f4le Equilibre&amp;Sant\u00e9 de Saint Martin la Plaine\" \/>\n<meta property=\"og:url\" content=\"https:\/\/pes-loire.fr\/saint-martin-la-plaine\/rdv-osteopathie\/\" \/>\n<meta property=\"og:site_name\" content=\"P\u00f4le Equilibre&amp;Sant\u00e9 de Saint Martin la Plaine\" \/>\n<meta property=\"article:modified_time\" content=\"2022-09-11T20:31:48+00:00\" \/>\n<meta name=\"twitter:card\" content=\"summary_large_image\" \/>\n<meta name=\"twitter:label1\" content=\"Dur\u00e9e de lecture estim\u00e9e\" \/>\n\t<meta name=\"twitter:data1\" content=\"1 minute\" \/>\n<script type=\"application\/ld+json\" class=\"yoast-schema-graph\">{\"@context\":\"https:\/\/schema.org\",\"@graph\":[{\"@type\":\"WebPage\",\"@id\":\"https:\/\/pes-loire.fr\/saint-martin-la-plaine\/rdv-osteopathie\/\",\"url\":\"https:\/\/pes-loire.fr\/saint-martin-la-plaine\/rdv-osteopathie\/\",\"name\":\"RDV Ost\u00e9opathie - P\u00f4le Equilibre&amp;Sant\u00e9 de Saint Martin la Plaine\",\"isPartOf\":{\"@id\":\"https:\/\/pes-loire.fr\/saint-martin-la-plaine\/#website\"},\"datePublished\":\"2017-11-22T20:19:47+00:00\",\"dateModified\":\"2022-09-11T20:31:48+00:00\",\"breadcrumb\":{\"@id\":\"https:\/\/pes-loire.fr\/saint-martin-la-plaine\/rdv-osteopathie\/#breadcrumb\"},\"inLanguage\":\"fr-FR\",\"potentialAction\":[{\"@type\":\"ReadAction\",\"target\":[\"https:\/\/pes-loire.fr\/saint-martin-la-plaine\/rdv-osteopathie\/\"]}]},{\"@type\":\"BreadcrumbList\",\"@id\":\"https:\/\/pes-loire.fr\/saint-martin-la-plaine\/rdv-osteopathie\/#breadcrumb\",\"itemListElement\":[{\"@type\":\"ListItem\",\"position\":1,\"name\":\"Accueil\",\"item\":\"https:\/\/pes-loire.fr\/saint-martin-la-plaine\/\"},{\"@type\":\"ListItem\",\"position\":2,\"name\":\"RDV Ost\u00e9opathie\"}]},{\"@type\":\"WebSite\",\"@id\":\"https:\/\/pes-loire.fr\/saint-martin-la-plaine\/#website\",\"url\":\"https:\/\/pes-loire.fr\/saint-martin-la-plaine\/\",\"name\":\"P\u00f4le Equilibre&amp;Sant\u00e9 de Saint Martin la Plaine\",\"description\":\"\",\"potentialAction\":[{\"@type\":\"SearchAction\",\"target\":{\"@type\":\"EntryPoint\",\"urlTemplate\":\"https:\/\/pes-loire.fr\/saint-martin-la-plaine\/?s={search_term_string}\"},\"query-input\":{\"@type\":\"PropertyValueSpecification\",\"valueRequired\":true,\"valueName\":\"search_term_string\"}}],\"inLanguage\":\"fr-FR\"}]}<\/script>\n<!-- \/ Yoast SEO plugin. -->","yoast_head_json":{"title":"RDV Ost\u00e9opathie - P\u00f4le Equilibre&amp;Sant\u00e9 de Saint Martin la Plaine","robots":{"index":"index","follow":"follow","max-snippet":"max-snippet:-1","max-image-preview":"max-image-preview:large","max-video-preview":"max-video-preview:-1"},"canonical":"https:\/\/pes-loire.fr\/saint-martin-la-plaine\/rdv-osteopathie\/","og_locale":"fr_FR","og_type":"article","og_title":"RDV Ost\u00e9opathie - P\u00f4le Equilibre&amp;Sant\u00e9 de Saint Martin la Plaine","og_url":"https:\/\/pes-loire.fr\/saint-martin-la-plaine\/rdv-osteopathie\/","og_site_name":"P\u00f4le Equilibre&amp;Sant\u00e9 de Saint Martin la Plaine","article_modified_time":"2022-09-11T20:31:48+00:00","twitter_card":"summary_large_image","twitter_misc":{"Dur\u00e9e de lecture estim\u00e9e":"1 minute"},"schema":{"@context":"https:\/\/schema.org","@graph":[{"@type":"WebPage","@id":"https:\/\/pes-loire.fr\/saint-martin-la-plaine\/rdv-osteopathie\/","url":"https:\/\/pes-loire.fr\/saint-martin-la-plaine\/rdv-osteopathie\/","name":"RDV Ost\u00e9opathie - P\u00f4le Equilibre&amp;Sant\u00e9 de Saint Martin la Plaine","isPartOf":{"@id":"https:\/\/pes-loire.fr\/saint-martin-la-plaine\/#website"},"datePublished":"2017-11-22T20:19:47+00:00","dateModified":"2022-09-11T20:31:48+00:00","breadcrumb":{"@id":"https:\/\/pes-loire.fr\/saint-martin-la-plaine\/rdv-osteopathie\/#breadcrumb"},"inLanguage":"fr-FR","potentialAction":[{"@type":"ReadAction","target":["https:\/\/pes-loire.fr\/saint-martin-la-plaine\/rdv-osteopathie\/"]}]},{"@type":"BreadcrumbList","@id":"https:\/\/pes-loire.fr\/saint-martin-la-plaine\/rdv-osteopathie\/#breadcrumb","itemListElement":[{"@type":"ListItem","position":1,"name":"Accueil","item":"https:\/\/pes-loire.fr\/saint-martin-la-plaine\/"},{"@type":"ListItem","position":2,"name":"RDV Ost\u00e9opathie"}]},{"@type":"WebSite","@id":"https:\/\/pes-loire.fr\/saint-martin-la-plaine\/#website","url":"https:\/\/pes-loire.fr\/saint-martin-la-plaine\/","name":"P\u00f4le Equilibre&amp;Sant\u00e9 de Saint Martin la Plaine","description":"","potentialAction":[{"@type":"SearchAction","target":{"@type":"EntryPoint","urlTemplate":"https:\/\/pes-loire.fr\/saint-martin-la-plaine\/?s={search_term_string}"},"query-input":{"@type":"PropertyValueSpecification","valueRequired":true,"valueName":"search_term_string"}}],"inLanguage":"fr-FR"}]}},"_links":{"self":[{"href":"https:\/\/pes-loire.fr\/saint-martin-la-plaine\/wp-json\/wp\/v2\/pages\/86","targetHints":{"allow":["GET"]}}],"collection":[{"href":"https:\/\/pes-loire.fr\/saint-martin-la-plaine\/wp-json\/wp\/v2\/pages"}],"about":[{"href":"https:\/\/pes-loire.fr\/saint-martin-la-plaine\/wp-json\/wp\/v2\/types\/page"}],"author":[{"embeddable":true,"href":"https:\/\/pes-loire.fr\/saint-martin-la-plaine\/wp-json\/wp\/v2\/users\/1"}],"replies":[{"embeddable":true,"href":"https:\/\/pes-loire.fr\/saint-martin-la-plaine\/wp-json\/wp\/v2\/comments?post=86"}],"version-history":[{"count":4,"href":"https:\/\/pes-loire.fr\/saint-martin-la-plaine\/wp-json\/wp\/v2\/pages\/86\/revisions"}],"predecessor-version":[{"id":109,"href":"https:\/\/pes-loire.fr\/saint-martin-la-plaine\/wp-json\/wp\/v2\/pages\/86\/revisions\/109"}],"wp:attachment":[{"href":"https:\/\/pes-loire.fr\/saint-martin-la-plaine\/wp-json\/wp\/v2\/media?parent=86"}],"curies":[{"name":"wp","href":"https:\/\/api.w.org\/{rel}","templated":true}]}}